{"id":40,"date":"2026-02-04T23:58:22","date_gmt":"2026-02-04T23:58:22","guid":{"rendered":"https:\/\/baatlag.squishy.art\/?page_id=40"},"modified":"2026-02-05T13:11:45","modified_gmt":"2026-02-05T13:11:45","slug":"om-fjell-batlag","status":"publish","type":"page","link":"https:\/\/baatlag.squishy.art\/?page_id=40","title":{"rendered":"Om Fjell B\u00e5tlag"},"content":{"rendered":"\n<div class=\"wp-block-group is-vertical is-content-justification-stretch is-layout-flex wp-container-core-group-is-layout-353c4f5a wp-block-group-is-layout-flex\">\n<p class=\"has-text-align-left\"><\/p>\n\n\n\n<p>Fjell B\u00e5tlag ligger p\u00e5 D\u00f8sje i \u00d8ygarden Kommune. Ta av f\u00f8r Kolltveittunellen, kj\u00f8r mot Lie og etter ca 400 meter finner du v\u00e5r hvitmalte Klubbhus p\u00e5 venstre side av veien.<\/p>\n\n\n\n<p>Fjell B\u00e5tlag har ca 110 b\u00e5tplasser som tilbys v\u00e5re medlemmer.<\/p>\n\n\n\n<p>Vi tilbyr ogs\u00e5 adgang til slipp-platting for de som kommer med b\u00e5t, scooter, kano eller kajakk.<\/p>\n\n\n\n<p>Vi oppfordrer alle \u00e5 ta del i v\u00e5re aktiviteter, enten dette er b\u00e5tturer, sosialkvelder eller \u00e5 l\u00e6re mer om b\u00e5t og sj\u00f8liv.<\/p>\n\n\n\n<p>Hos oss kan du finne ro og glede, en solkrok p\u00e5 fine dager, eller bare nyte n\u00e6rhet til sj\u00f8 og b\u00e5tliv. V\u00e5re brygger har tilgang p\u00e5 trapper\/ stiger\/ redningsb\u00f8ye slik at du kommer tilbake p\u00e5 land hvis du skulle \u00f8nske \u00e5 dyppe t\u00e6rne. P\u00e5 klubbhuset finner du ogs\u00e5 montert utvendig hjertestarter.<\/p>\n\n\n\n<p>Velkommen innom !<\/p>\n\n\n\n<p><\/p>\n\n\n\n<p class=\"has-medium-font-size\">Fjell B\u00e5tlag er \u00e5pent for alle som \u00f8nsker \u00e5 v\u00e6re tilsluttet et b\u00e5tlag og som har interesse for maritimt sm\u00e5b\u00e5tmilj\u00f8. Vi har en sosial profil, med \u00e5rlige fellesarrangement i tilknytning til omr\u00e5det eller felles sosiale turer p\u00e5 Vestlandet.&nbsp;<\/p>\n\n\n\n<p class=\"has-medium-font-size\">Fjell B\u00e5tlag ble etablert i 1978 i Fjell Kommune (n\u00e5v\u00e6rende \u00d8ygarden kommune) p\u00e5 Sotra. B\u00e5tlaget har en godt skjermet b\u00e5thavn med klubbhus p\u00e5 D\u00f8sjo. Havnens lokalisering bidrar til marginal vindp\u00e5virkning, og ingen is.&nbsp;<\/p>\n\n\n\n<p class=\"has-medium-font-size\">B\u00e5thavnen har plass til ca.120 b\u00e5ter, og har ca. 130 medlemmer. Fjell B\u00e5tlag er medlem av Kongelig Norsk B\u00e5tforbund.<\/p>\n\n\n\n<p class=\"has-medium-font-size\">B\u00e5tlaget er veldrevet, og har et godt maritimt milj\u00f8.<\/p>\n\n\n\n<p class=\"has-medium-font-size\">Fjell B\u00e5tlag bidrar til \u00e5 skape trivsel i kystkommunen \u00d8ygarden, og arbeider kontinuerlig for \u00e5 fremme kystkultur. B\u00e5tlaget er engasjert p\u00e5 flere m\u00e5ter for \u00e5 bidra til at \u00d8ygarden kommune fremst\u00e5r som en attraktiv kystkommune. Omr\u00e5det p\u00e5 D\u00f8sjo er opparbeidet p\u00e5 dugnad av Fjell B\u00e5tlag gjennom mange \u00e5r, og fremst\u00e5r i dag som et attraktivt tilbud til innbyggerne b\u00e5de i og utenfor kommunen. Dette for at kystsamfunnet skal kunne benytte seg av fasiliteter, som er naturlig \u00e5 ha tilgang til i en kystkommune.&nbsp;<\/p>\n\n\n\n<p class=\"has-medium-font-size\">Fjell B\u00e5tlag har tilrettelagt for at det kan tilbys mulighet for \u00e5 ta ut\/inn egen b\u00e5t\/vannscooter p\u00e5 henger, via et <strong>slippmedlemsskap<\/strong>. I tillegg er omr\u00e5det \u00e5pent for allmenheten, hvor mange kommer til bryggeanlegg for \u00e5 sette ut kajakker, bade eller sole seg &#8211; ved det pent opparbeidete omr\u00e5det i regi av Fjell B\u00e5tlag.<\/p>\n\n\n\n<p class=\"has-medium-font-size\">Velkommen til oss !<\/p>\n\n\n\n<p><\/p>\n<\/div>\n","protected":false},"excerpt":{"rendered":"<p>Fjell B\u00e5tlag ligger p\u00e5 D\u00f8sje i \u00d8ygarden Kommune. Ta av f\u00f8r Kolltveittunellen, kj\u00f8r mot Lie og etter ca 400 meter finner du v\u00e5r hvitmalte Klubbhus p\u00e5 venstre side av veien. Fjell B\u00e5tlag har ca 110 b\u00e5tplasser som tilbys v\u00e5re medlemmer. Vi tilbyr ogs\u00e5 adgang til slipp-platting for de som kommer med b\u00e5t, scooter, kano eller [&hellip;]<\/p>\n","protected":false},"author":1,"featured_media":34,"parent":0,"menu_order":0,"comment_status":"closed","ping_status":"closed","template":"","meta":{"footnotes":""},"class_list":["post-40","page","type-page","status-publish","has-post-thumbnail","hentry"],"_links":{"self":[{"href":"https:\/\/baatlag.squishy.art\/index.php?rest_route=\/wp\/v2\/pages\/40","targetHints":{"allow":["GET"]}}],"collection":[{"href":"https:\/\/baatlag.squishy.art\/index.php?rest_route=\/wp\/v2\/pages"}],"about":[{"href":"https:\/\/baatlag.squishy.art\/index.php?rest_route=\/wp\/v2\/types\/page"}],"author":[{"embeddable":true,"href":"https:\/\/baatlag.squishy.art\/index.php?rest_route=\/wp\/v2\/users\/1"}],"replies":[{"embeddable":true,"href":"https:\/\/baatlag.squishy.art\/index.php?rest_route=%2Fwp%2Fv2%2Fcomments&post=40"}],"version-history":[{"count":3,"href":"https:\/\/baatlag.squishy.art\/index.php?rest_route=\/wp\/v2\/pages\/40\/revisions"}],"predecessor-version":[{"id":138,"href":"https:\/\/baatlag.squishy.art\/index.php?rest_route=\/wp\/v2\/pages\/40\/revisions\/138"}],"wp:featuredmedia":[{"embeddable":true,"href":"https:\/\/baatlag.squishy.art\/index.php?rest_route=\/wp\/v2\/media\/34"}],"wp:attachment":[{"href":"https:\/\/baatlag.squishy.art\/index.php?rest_route=%2Fwp%2Fv2%2Fmedia&parent=40"}],"curies":[{"name":"wp","href":"https:\/\/api.w.org\/{rel}","templated":true}]}}