{"id":144,"date":"2026-02-05T13:20:31","date_gmt":"2026-02-05T13:20:31","guid":{"rendered":"https:\/\/baatlag.squishy.art\/?page_id=144"},"modified":"2026-02-05T13:45:08","modified_gmt":"2026-02-05T13:45:08","slug":"aktivitetskalender","status":"publish","type":"page","link":"https:\/\/baatlag.squishy.art\/?page_id=144","title":{"rendered":"Aktivitetskalender"},"content":{"rendered":"\n<div class=\"wp-block-query alignfull is-layout-flow wp-block-query-is-layout-flow\"><ul class=\"alignfull wp-block-post-template is-layout-flow wp-block-post-template-is-layout-flow\"><li class=\"wp-block-post post-158 post type-post status-publish format-standard has-post-thumbnail hentry category-aktivitet category-tur-aktivitet\">\n\n<div class=\"wp-block-group alignfull has-global-padding is-layout-constrained wp-block-group-is-layout-constrained\" style=\"padding-top:var(--wp--preset--spacing--60);padding-bottom:var(--wp--preset--spacing--60)\"><figure style=\"aspect-ratio:16\/9;\" class=\"wp-block-post-featured-image\"><a href=\"https:\/\/baatlag.squishy.art\/?p=158\" target=\"_self\"  ><img loading=\"lazy\" decoding=\"async\" width=\"1920\" height=\"1440\" src=\"https:\/\/baatlag.squishy.art\/wp-content\/uploads\/2026\/02\/IMG_20250719_222507_preview.jpeg\" class=\"attachment-post-thumbnail size-post-thumbnail wp-post-image\" alt=\"Tur til M\u00e5seholmen 33. Juni\" style=\"width:100%;height:100%;object-fit:cover;\" srcset=\"https:\/\/baatlag.squishy.art\/wp-content\/uploads\/2026\/02\/IMG_20250719_222507_preview.jpeg 1920w, https:\/\/baatlag.squishy.art\/wp-content\/uploads\/2026\/02\/IMG_20250719_222507_preview-300x225.jpeg 300w, https:\/\/baatlag.squishy.art\/wp-content\/uploads\/2026\/02\/IMG_20250719_222507_preview-1024x768.jpeg 1024w, https:\/\/baatlag.squishy.art\/wp-content\/uploads\/2026\/02\/IMG_20250719_222507_preview-768x576.jpeg 768w, https:\/\/baatlag.squishy.art\/wp-content\/uploads\/2026\/02\/IMG_20250719_222507_preview-1536x1152.jpeg 1536w\" sizes=\"auto, (max-width: 1920px) 100vw, 1920px\" \/><\/a><\/figure>\n\n<h2 class=\"wp-block-post-title has-x-large-font-size\"><a href=\"https:\/\/baatlag.squishy.art\/?p=158\" target=\"_self\" >Tur til M\u00e5seholmen 33. Juni<\/a><\/h2>\n\n<div class=\"wp-block-post-excerpt has-medium-font-size\"><p class=\"wp-block-post-excerpt__excerpt\">Den 33. juni g\u00e5r turen i \u00e5r igjen til M\u00e5seholmen i fellesferien, det blir grilling og bading og kos! Fjor\u00e5ret var en stor suksess s\u00e5 vi pr\u00f8ver oss igjen i \u00e5r. Vi g\u00e5r sammen i konvoi fra b\u00e5tlaget fredag klokken 19:32, og antar og v\u00e6re fremme rett f\u00f8r midnatt. Vi blir liggende til l\u00f8rdagen, og<\/p><p class=\"wp-block-post-excerpt__more-text\"><a class=\"wp-block-post-excerpt__more-link\" href=\"https:\/\/baatlag.squishy.art\/?p=158\">Les Mer<\/a><\/p><\/div>\n\n<div style=\"margin-top:var(--wp--preset--spacing--40);\" class=\"wp-block-post-date has-small-font-size\"><time datetime=\"2026-02-04T12:00:52+00:00\"><a href=\"https:\/\/baatlag.squishy.art\/?p=158\">februar 4, 2026<\/a><\/time><\/div><\/div>\n\n<\/li><li class=\"wp-block-post post-160 post type-post status-publish format-standard has-post-thumbnail hentry category-aktivitet category-kurs\">\n\n<div class=\"wp-block-group alignfull has-global-padding is-layout-constrained wp-block-group-is-layout-constrained\" style=\"padding-top:var(--wp--preset--spacing--60);padding-bottom:var(--wp--preset--spacing--60)\"><figure style=\"aspect-ratio:16\/9;\" class=\"wp-block-post-featured-image\"><a href=\"https:\/\/baatlag.squishy.art\/?p=160\" target=\"_self\"  ><img loading=\"lazy\" decoding=\"async\" width=\"1920\" height=\"1440\" src=\"https:\/\/baatlag.squishy.art\/wp-content\/uploads\/2026\/02\/IMG_20210513_123436_preview.jpeg\" class=\"attachment-post-thumbnail size-post-thumbnail wp-post-image\" alt=\"Grunnkurs i dekk skrubbing 34 august\" style=\"width:100%;height:100%;object-fit:cover;\" srcset=\"https:\/\/baatlag.squishy.art\/wp-content\/uploads\/2026\/02\/IMG_20210513_123436_preview.jpeg 1920w, https:\/\/baatlag.squishy.art\/wp-content\/uploads\/2026\/02\/IMG_20210513_123436_preview-300x225.jpeg 300w, https:\/\/baatlag.squishy.art\/wp-content\/uploads\/2026\/02\/IMG_20210513_123436_preview-1024x768.jpeg 1024w, https:\/\/baatlag.squishy.art\/wp-content\/uploads\/2026\/02\/IMG_20210513_123436_preview-768x576.jpeg 768w, https:\/\/baatlag.squishy.art\/wp-content\/uploads\/2026\/02\/IMG_20210513_123436_preview-1536x1152.jpeg 1536w\" sizes=\"auto, (max-width: 1920px) 100vw, 1920px\" \/><\/a><\/figure>\n\n<h2 class=\"wp-block-post-title has-x-large-font-size\"><a href=\"https:\/\/baatlag.squishy.art\/?p=160\" target=\"_self\" >Grunnkurs i dekk skrubbing 34 august<\/a><\/h2>\n\n<div class=\"wp-block-post-excerpt has-medium-font-size\"><p class=\"wp-block-post-excerpt__excerpt\">Den 34 august inviterer vi til grunnkurs i dekk skrubbing p\u00e5 klubbhuset! Vi har sett at det er noen som har f\u00e5tt litt gr\u00f8nske p\u00e5 b\u00e5tene sine, og tenkte dette kunne v\u00e6re en god fellesaktivitet med mye god kunnskapsoverf\u00f8ring.<\/p><p class=\"wp-block-post-excerpt__more-text\"><a class=\"wp-block-post-excerpt__more-link\" href=\"https:\/\/baatlag.squishy.art\/?p=160\">Les Mer<\/a><\/p><\/div>\n\n<div style=\"margin-top:var(--wp--preset--spacing--40);\" class=\"wp-block-post-date has-small-font-size\"><time datetime=\"2026-02-04T11:00:41+00:00\"><a href=\"https:\/\/baatlag.squishy.art\/?p=160\">februar 4, 2026<\/a><\/time><\/div><\/div>\n\n<\/li><li class=\"wp-block-post post-162 post type-post status-publish format-standard has-post-thumbnail hentry category-aktivitet category-sosialt\">\n\n<div class=\"wp-block-group alignfull has-global-padding is-layout-constrained wp-block-group-is-layout-constrained\" style=\"padding-top:var(--wp--preset--spacing--60);padding-bottom:var(--wp--preset--spacing--60)\"><figure style=\"aspect-ratio:16\/9;\" class=\"wp-block-post-featured-image\"><a href=\"https:\/\/baatlag.squishy.art\/?p=162\" target=\"_self\"  ><img loading=\"lazy\" decoding=\"async\" width=\"1920\" height=\"1440\" src=\"https:\/\/baatlag.squishy.art\/wp-content\/uploads\/2026\/02\/2022-07-20_185706_000_preview.jpeg\" class=\"attachment-post-thumbnail size-post-thumbnail wp-post-image\" alt=\"Julemiddag p\u00e5 klubbhuset 24\/13\" style=\"width:100%;height:100%;object-fit:cover;\" srcset=\"https:\/\/baatlag.squishy.art\/wp-content\/uploads\/2026\/02\/2022-07-20_185706_000_preview.jpeg 1920w, https:\/\/baatlag.squishy.art\/wp-content\/uploads\/2026\/02\/2022-07-20_185706_000_preview-300x225.jpeg 300w, https:\/\/baatlag.squishy.art\/wp-content\/uploads\/2026\/02\/2022-07-20_185706_000_preview-1024x768.jpeg 1024w, https:\/\/baatlag.squishy.art\/wp-content\/uploads\/2026\/02\/2022-07-20_185706_000_preview-768x576.jpeg 768w, https:\/\/baatlag.squishy.art\/wp-content\/uploads\/2026\/02\/2022-07-20_185706_000_preview-1536x1152.jpeg 1536w\" sizes=\"auto, (max-width: 1920px) 100vw, 1920px\" \/><\/a><\/figure>\n\n<h2 class=\"wp-block-post-title has-x-large-font-size\"><a href=\"https:\/\/baatlag.squishy.art\/?p=162\" target=\"_self\" >Julemiddag p\u00e5 klubbhuset 24\/13<\/a><\/h2>\n\n<div class=\"wp-block-post-excerpt has-medium-font-size\"><p class=\"wp-block-post-excerpt__excerpt\">Til julemiddagen blir det lutefisk og kaffe! Vi \u00f8nsker medlemmer b\u00e5de med og uten b\u00e5t hjertelig velkommen p\u00e5 klubbhuset<\/p><p class=\"wp-block-post-excerpt__more-text\"><a class=\"wp-block-post-excerpt__more-link\" href=\"https:\/\/baatlag.squishy.art\/?p=162\">Les Mer<\/a><\/p><\/div>\n\n<div style=\"margin-top:var(--wp--preset--spacing--40);\" class=\"wp-block-post-date has-small-font-size\"><time datetime=\"2026-02-04T10:00:18+00:00\"><a href=\"https:\/\/baatlag.squishy.art\/?p=162\">februar 4, 2026<\/a><\/time><\/div><\/div>\n\n<\/li><\/ul>\n\n\n<div class=\"wp-block-group has-global-padding is-layout-constrained wp-block-group-is-layout-constrained\" style=\"padding-top:var(--wp--preset--spacing--60);padding-bottom:var(--wp--preset--spacing--60)\"><\/div>\n\n\n\n<div class=\"wp-block-group alignwide has-global-padding is-layout-constrained wp-block-group-is-layout-constrained\"><\/div>\n<\/div>\n","protected":false},"excerpt":{"rendered":"","protected":false},"author":1,"featured_media":147,"parent":0,"menu_order":0,"comment_status":"closed","ping_status":"closed","template":"","meta":{"footnotes":""},"class_list":["post-144","page","type-page","status-publish","has-post-thumbnail","hentry"],"_links":{"self":[{"href":"https:\/\/baatlag.squishy.art\/index.php?rest_route=\/wp\/v2\/pages\/144","targetHints":{"allow":["GET"]}}],"collection":[{"href":"https:\/\/baatlag.squishy.art\/index.php?rest_route=\/wp\/v2\/pages"}],"about":[{"href":"https:\/\/baatlag.squishy.art\/index.php?rest_route=\/wp\/v2\/types\/page"}],"author":[{"embeddable":true,"href":"https:\/\/baatlag.squishy.art\/index.php?rest_route=\/wp\/v2\/users\/1"}],"replies":[{"embeddable":true,"href":"https:\/\/baatlag.squishy.art\/index.php?rest_route=%2Fwp%2Fv2%2Fcomments&post=144"}],"version-history":[{"count":10,"href":"https:\/\/baatlag.squishy.art\/index.php?rest_route=\/wp\/v2\/pages\/144\/revisions"}],"predecessor-version":[{"id":168,"href":"https:\/\/baatlag.squishy.art\/index.php?rest_route=\/wp\/v2\/pages\/144\/revisions\/168"}],"wp:featuredmedia":[{"embeddable":true,"href":"https:\/\/baatlag.squishy.art\/index.php?rest_route=\/wp\/v2\/media\/147"}],"wp:attachment":[{"href":"https:\/\/baatlag.squishy.art\/index.php?rest_route=%2Fwp%2Fv2%2Fmedia&parent=144"}],"curies":[{"name":"wp","href":"https:\/\/api.w.org\/{rel}","templated":true}]}}